{"id":534,"date":"2026-01-01T22:57:59","date_gmt":"2026-01-01T19:57:59","guid":{"rendered":"https:\/\/www.hemenanket.com\/?page_id=534"},"modified":"2026-01-23T16:52:55","modified_gmt":"2026-01-23T13:52:55","slug":"anket-gonder","status":"publish","type":"page","link":"https:\/\/www.hemenanket.com\/index.php\/anket-gonder\/","title":{"rendered":"Anket G\u00f6nder"},"content":{"rendered":"<style id=\"wpforms-css-vars-536\">\n\t\t\t\t#wpforms-536 {\n\t\t\t\t--wpforms-container-padding: 0px;\n--wpforms-container-border-width: 1px;\n--wpforms-container-border-radius: 3px;\n--wpforms-background-color: rgba(0, 0, 0, 0);\n--wpforms-field-size-input-height: 43px;\n--wpforms-field-size-input-spacing: 15px;\n--wpforms-field-size-font-size: 16px;\n--wpforms-field-size-line-height: 19px;\n--wpforms-field-size-padding-h: 14px;\n--wpforms-field-size-checkbox-size: 16px;\n--wpforms-field-size-sublabel-spacing: 5px;\n--wpforms-field-size-icon-size: 1;\n--wpforms-label-size-font-size: 16px;\n--wpforms-label-size-line-height: 19px;\n--wpforms-label-size-sublabel-font-size: 14px;\n--wpforms-label-size-sublabel-line-height: 17px;\n--wpforms-button-size-font-size: 17px;\n--wpforms-button-size-height: 41px;\n--wpforms-button-size-padding-h: 15px;\n--wpforms-button-size-margin-top: 10px;\n--wpforms-container-shadow-size-box-shadow: none;\n\t\t\t}\n\t\t\t<\/style><div class=\"wpforms-container wpforms-container-full wpforms-render-modern\" id=\"wpforms-536\"><form id=\"wpforms-form-536\" class=\"wpforms-validate wpforms-form wpforms-ajax-form\" data-formid=\"536\" method=\"post\" enctype=\"multipart\/form-data\" action=\"\/index.php\/wp-json\/wp\/v2\/pages\/534\" data-token=\"12ded61be206447f3990cab2944ae6bc\" data-token-time=\"1776425722\"><noscript class=\"wpforms-error-noscript\">Bu formu bitirebilmek i\u00e7in taray\u0131c\u0131n\u0131zda JavaScript&#039;i etkinle\u015ftirin.<\/noscript><div id=\"wpforms-error-noscript\" style=\"display: none;\">Bu formu bitirebilmek i\u00e7in taray\u0131c\u0131n\u0131zda JavaScript&#039;i etkinle\u015ftirin.<\/div><div class=\"wpforms-field-container\">\t\t<div id=\"wpforms-536-field_3-container\"\n\t\t\tclass=\"wpforms-field wpforms-field-text\"\n\t\t\tdata-field-type=\"text\"\n\t\t\tdata-field-id=\"3\"\n\t\t\t>\n\t\t\t<label class=\"wpforms-field-label\" for=\"wpforms-536-field_3\" >Sorusu Anket (Varsa)<\/label>\n\t\t\t<input type=\"text\" id=\"wpforms-536-field_3\" class=\"wpforms-field-medium\" name=\"wpforms[fields][3]\" >\n\t\t<\/div>\n\t\t<div id=\"wpforms-536-field_1-container\" class=\"wpforms-field wpforms-field-text\" data-field-id=\"1\"><label class=\"wpforms-field-label\" for=\"wpforms-536-field_1\">Anket Sorusu Teklifiniz <span class=\"wpforms-required-label\" aria-hidden=\"true\">*<\/span><\/label><input type=\"text\" id=\"wpforms-536-field_1\" class=\"wpforms-field-medium wpforms-field-required\" name=\"wpforms[fields][1]\" aria-errormessage=\"wpforms-536-field_1-error\" required><\/div><div id=\"wpforms-536-field_2-container\" class=\"wpforms-field wpforms-field-text\" data-field-id=\"2\"><label class=\"wpforms-field-label\" for=\"wpforms-536-field_2\">(Varsa) Notunuz<\/label><input type=\"text\" id=\"wpforms-536-field_2\" class=\"wpforms-field-medium\" name=\"wpforms[fields][2]\" aria-errormessage=\"wpforms-536-field_2-error\" ><\/div><script>\n\t\t\t\t( function() {\n\t\t\t\t\tconst style = document.createElement( 'style' );\n\t\t\t\t\tstyle.appendChild( document.createTextNode( '#wpforms-536-field_3-container { position: absolute !important; overflow: hidden !important; display: inline !important; height: 1px !important; width: 1px !important; z-index: -1000 !important; padding: 0 !important; } #wpforms-536-field_3-container input { visibility: hidden; } #wpforms-conversational-form-page #wpforms-536-field_3-container label { counter-increment: none; }' ) );\n\t\t\t\t\tdocument.head.appendChild( style );\n\t\t\t\t\tdocument.currentScript?.remove();\n\t\t\t\t} )();\n\t\t\t<\/script><\/div><!-- .wpforms-field-container --><div class=\"wpforms-submit-container\" ><input type=\"hidden\" name=\"wpforms[id]\" value=\"536\"><input type=\"hidden\" name=\"page_title\" value=\"\"><input type=\"hidden\" name=\"page_url\" value=\"https:\/\/www.hemenanket.com\/index.php\/wp-json\/wp\/v2\/pages\/534\"><input type=\"hidden\" name=\"url_referer\" value=\"\"><button type=\"submit\" name=\"wpforms[submit]\" id=\"wpforms-submit-536\" class=\"wpforms-submit\" data-alt-text=\"G\u00f6nderiliyor...\" data-submit-text=\"G\u00f6nder\" aria-live=\"assertive\" value=\"wpforms-submit\">G\u00f6nder<\/button><img decoding=\"async\" src=\"https:\/\/www.hemenanket.com\/wp-content\/plugins\/wpforms-lite\/assets\/images\/submit-spin.svg\" class=\"wpforms-submit-spinner\" style=\"display: none;\" width=\"26\" height=\"26\" alt=\"Y\u00fckleniyor\"><\/div><\/form><\/div>  <!-- .wpforms-container -->\n\n\n\n<p>\u015eimdiye kadar ziyaret\u00e7iler taraf\u0131ndan g\u00f6nderilip sitede keyifle oylanan anketlerden baz\u0131lar\u0131:<\/p>\n\n\n\n<div class=\"wp-block-columns is-layout-flex wp-container-core-columns-is-layout-9d6595d7 wp-block-columns-is-layout-flex\">\n<div class=\"wp-block-column is-layout-flow wp-block-column-is-layout-flow\"><div id=\"totalpoll\" class=\"totalpoll-wrapper totalpoll-uid-2e21fe0b6d537996d47c3d4b16d0e3cc is-ltr is-screen-results\" totalpoll=\"490\" totalpoll-uid=\"2e21fe0b6d537996d47c3d4b16d0e3cc\" totalpoll-screen=\"results\" totalpoll-ajax-url=\"https:\/\/www.hemenanket.com\/wp-admin\/admin-ajax.php?action=totalpoll&#038;totalpoll%5BpollId%5D=490&#038;totalpoll%5Baction%5D=view&#038;totalpoll%5Bscreen%5D=results\"><script type=\"text\/totalpoll-config\" totalpoll-config=\"490\">{\"ajaxEndpoint\":\"https:\\\/\\\/www.hemenanket.com\\\/wp-admin\\\/admin-ajax.php?action=totalpoll\",\"behaviours\":{\"ajax\":true,\"scrollUp\":true,\"async\":true},\"effects\":{\"transition\":\"fade\",\"duration\":\"500\"},\"i18n\":{\"Previous\":\"\\u00d6nceki\",\"Next\":\"Sonraki\",\"of\":\"of\",\"Something went wrong! Please try again.\":\"Something went wrong! Please try again.\"}}<\/script><link rel=\"stylesheet\" id=\"totalpoll-poll-2e21fe0b6d537996d47c3d4b16d0e3cc-css\"  href=\"https:\/\/www.hemenanket.com\/wp-content\/cache\/totalpoll\/css\/2e21fe0b6d537996d47c3d4b16d0e3cc.css\" type=\"text\/css\" media=\"all\" \/><div id=\"totalpoll-poll-490\" class=\"totalpoll-container\"><form action=\"\" enctype=\"multipart\/form-data\" class=\"totalpoll-form\" method=\"POST\" novalidate=\"novalidate\">    <div class=\"totalpoll-message totalpoll-message-error\">Misafir oldu\u011funuz i\u00e7in oy veremezsiniz, l\u00fctfen <a href=\"https:\/\/www.hemenanket.com\/wp-login.php?redirect_to=https%3A%2F%2Fwww.hemenanket.com%2Findex.php%2Fwp-json%2Fwp%2Fv2%2Fpages%2F534\">oturum a\u00e7\u0131n<\/a> veya <a href=\"https:\/\/www.hemenanket.com\/wp-login.php?action=register\">kaydolun<\/a>.<\/div>\n<div style=\"visibility: hidden; position: absolute; width: 0px; height: 0px;\">\n    <svg id=\"totalpoll-check-icon\" xmlns=\"http:\/\/www.w3.org\/2000\/svg\" width=\"24\" height=\"24\" viewBox=\"0 0 24 24\">\n        <path d=\"M0,0H24V24H0Z\" fill=\"none\"\/>\n        <path d=\"M9,15.1999l-4.2-4.2L2.3999,13.4,9,20.0001,22.0001,7,19.6,4.5999Z\"\/>\n    <\/svg>\n<\/div>\n    <div class=\"totalpoll-questions\">\n\t\t<div class=\"totalpoll-question\" >\n    <div class=\"totalpoll-question-container\">\n        <div class=\"totalpoll-question-content\" >\n\t\t\t<p>\u0130lk \u00f6nce hangi t\u00fcr hastaneyi tercih ediyorsunuz?<\/p>\n        <\/div>\n\n        <div class=\"totalpoll-question-choices\">\n\t\t\t\t\t\t\t\t\t\t\t\t<div class=\"totalpoll-question-choices-item totalpoll-question-choices-item-results totalpoll-question-choices-item-type-text \" >\n    <div class=\"totalpoll-question-choices-item-container\">\n        \n\t\t        \n        <div class=\"totalpoll-question-choices-item-label\">\n            <span >Sa\u011fl\u0131k Oca\u011f\u0131<\/span>\n            <div class=\"totalpoll-question-choices-item-votes\">\n                <div class=\"totalpoll-question-choices-item-votes-bar\" style=\"width: 100.00%\"><\/div>\n                <div class=\"totalpoll-question-choices-item-votes-text \">1<\/div>\n            <\/div>\n        <\/div>\n    <\/div>\n<\/div>\n\t\t\t\t\t\t\t\t\t\t\t\t\t\t\t\t<div class=\"totalpoll-question-choices-item totalpoll-question-choices-item-results totalpoll-question-choices-item-type-text \" >\n    <div class=\"totalpoll-question-choices-item-container\">\n        \n\t\t        \n        <div class=\"totalpoll-question-choices-item-label\">\n            <span >\u00d6zel<\/span>\n            <div class=\"totalpoll-question-choices-item-votes\">\n                <div class=\"totalpoll-question-choices-item-votes-bar\" style=\"width: 0.00%\"><\/div>\n                <div class=\"totalpoll-question-choices-item-votes-text is-zero\">0<\/div>\n            <\/div>\n        <\/div>\n    <\/div>\n<\/div>\n\t\t\t\t\t\t\t\t\t\t\t\t\t\t\t\t<div class=\"totalpoll-question-choices-item totalpoll-question-choices-item-results totalpoll-question-choices-item-type-text \" >\n    <div class=\"totalpoll-question-choices-item-container\">\n        \n\t\t        \n        <div class=\"totalpoll-question-choices-item-label\">\n            <span >Devlet<\/span>\n            <div class=\"totalpoll-question-choices-item-votes\">\n                <div class=\"totalpoll-question-choices-item-votes-bar\" style=\"width: 0.00%\"><\/div>\n                <div class=\"totalpoll-question-choices-item-votes-text is-zero\">0<\/div>\n            <\/div>\n        <\/div>\n    <\/div>\n<\/div>\n\t\t\t\t\t\t\t        <\/div>\n    <\/div>\n<\/div>\n    <\/div>\n\t<div class=\"totalpoll-form-hidden-fields\">\n\t<div class=\"totalpoll-form-page\"><div class=\"totalpoll-form-field-hidden\"><div class=\"totalpoll-form-field totalpoll-form-field-type-hidden totalpoll-column-full\"><div class=\"totalpoll-form-field-wrapper\"><input type=\"hidden\" name=\"totalpoll[screen]\" value=\"results\" class=\"totalpoll-form-field-input\"><div class=\"totalpoll-form-field-errors\"><\/div><\/div><\/div><\/div><div class=\"totalpoll-form-field-hidden\"><div class=\"totalpoll-form-field totalpoll-form-field-type-hidden totalpoll-column-full\"><div class=\"totalpoll-form-field-wrapper\"><input type=\"hidden\" name=\"totalpoll[pollId]\" value=\"490\" class=\"totalpoll-form-field-input\"><div class=\"totalpoll-form-field-errors\"><\/div><\/div><\/div><\/div><div class=\"totalpoll-form-field-hidden\"><div class=\"totalpoll-form-field totalpoll-form-field-type-hidden totalpoll-column-full\"><div class=\"totalpoll-form-field-wrapper\"><input type=\"hidden\" name=\"totalpoll[action]\" value=\"\" class=\"totalpoll-form-field-input\"><div class=\"totalpoll-form-field-errors\"><\/div><\/div><\/div><\/div><\/div><\/div>\n<div class=\"totalpoll-buttons\">\n\t<\/div>\n<p>Toplam kullan\u0131lan oy: 1<\/p>\n<\/form><\/div><\/div>\n<\/div>\n\n\n\n<div class=\"wp-block-column is-layout-flow wp-block-column-is-layout-flow\"><div id=\"totalpoll\" class=\"totalpoll-wrapper totalpoll-uid-2e21fe0b6d537996d47c3d4b16d0e3cc is-ltr is-screen-vote\" totalpoll=\"257\" totalpoll-uid=\"2e21fe0b6d537996d47c3d4b16d0e3cc\" totalpoll-screen=\"vote\" totalpoll-ajax-url=\"https:\/\/www.hemenanket.com\/wp-admin\/admin-ajax.php?action=totalpoll&#038;totalpoll%5BpollId%5D=257&#038;totalpoll%5Baction%5D=view&#038;totalpoll%5Bscreen%5D=vote\"><script type=\"text\/totalpoll-config\" totalpoll-config=\"257\">{\"ajaxEndpoint\":\"https:\\\/\\\/www.hemenanket.com\\\/wp-admin\\\/admin-ajax.php?action=totalpoll\",\"behaviours\":{\"ajax\":true,\"scrollUp\":true,\"async\":true},\"effects\":{\"transition\":\"fade\",\"duration\":\"500\"},\"i18n\":{\"Previous\":\"\\u00d6nceki\",\"Next\":\"Sonraki\",\"of\":\"of\",\"Something went wrong! Please try again.\":\"Something went wrong! Please try again.\"}}<\/script><link rel=\"stylesheet\" id=\"totalpoll-poll-2e21fe0b6d537996d47c3d4b16d0e3cc-css\"  href=\"https:\/\/www.hemenanket.com\/wp-content\/cache\/totalpoll\/css\/2e21fe0b6d537996d47c3d4b16d0e3cc.css\" type=\"text\/css\" media=\"all\" \/><div id=\"totalpoll-poll-257\" class=\"totalpoll-container\"><form action=\"\" enctype=\"multipart\/form-data\" class=\"totalpoll-form\" method=\"POST\" novalidate=\"novalidate\"><div style=\"visibility: hidden; position: absolute; width: 0px; height: 0px;\">\n    <svg id=\"totalpoll-check-icon\" xmlns=\"http:\/\/www.w3.org\/2000\/svg\" width=\"24\" height=\"24\" viewBox=\"0 0 24 24\">\n        <path d=\"M0,0H24V24H0Z\" fill=\"none\"\/>\n        <path d=\"M9,15.1999l-4.2-4.2L2.3999,13.4,9,20.0001,22.0001,7,19.6,4.5999Z\"\/>\n    <\/svg>\n<\/div>\n    <div class=\"totalpoll-questions\">\n\t\t<div class=\"totalpoll-question\"\n     totalpoll-min-selection=\"1\"\n     totalpoll-max-selection=\"1\" >\n    <div class=\"totalpoll-question-container\">\n        <div class=\"totalpoll-question-content\" >\n\t\t\t<p>\u0130\u015f yerinize ula\u015f\u0131m\u0131n\u0131z ne kadar s\u00fcr\u00fcyor?<\/p>\n        <\/div>\n\n        <div class=\"totalpoll-question-choices\">\n\t\t\t\t\t\t\t\t\t\t\t\t<label for=\"choice-976a8422-dd4a-4a9c-b84c-1167eab1b2ba-selector\"\n       tabindex=\"0\"\n       aria-label=\"Vote for: \u0130ki saat ve \u00fczeri\"\n       class=\"totalpoll-question-choices-item totalpoll-question-choices-item-type-text \" >\n    <div class=\"totalpoll-question-choices-item-container\">\n        \n\t\t        \n        <div class=\"totalpoll-question-choices-item-control\">\n            <div class=\"totalpoll-question-choices-item-selector totalpoll-question-choices-item-selector-single\">\n\t\t\t\t<input type=\"radio\" id=\"choice-976a8422-dd4a-4a9c-b84c-1167eab1b2ba-selector\" name=\"totalpoll[choices][3790cf11-53af-46d9-b271-59e12c1d4718][]\" value=\"976a8422-dd4a-4a9c-b84c-1167eab1b2ba\">                <div class=\"totalpoll-question-choices-item-selector-box\">\n                    <svg xmlns=\"http:\/\/www.w3.org\/2000\/svg\" width=\"24\" height=\"24\" viewBox=\"0 0 24 24\">\n                        <use xmlns:xlink=\"http:\/\/www.w3.org\/1999\/xlink\" xlink:href=\"#totalpoll-check-icon\"><\/use>\n                    <\/svg>\n                <\/div>\n            <\/div>\n            <div class=\"totalpoll-question-choices-item-label\" role=\"button\">\n                <span >\u0130ki saat ve \u00fczeri<\/span>\n            <\/div>\n        <\/div>\n    <\/div>\n<\/label>\n\t\t\t\t\t\t\t\t\t\t\t\t\t\t\t\t<label for=\"choice-89a6fa2a-af84-4cbe-941b-b63a13650f75-selector\"\n       tabindex=\"0\"\n       aria-label=\"Vote for: Bir bu\u00e7uk - \u0130ki saat aras\u0131\"\n       class=\"totalpoll-question-choices-item totalpoll-question-choices-item-type-text \" >\n    <div class=\"totalpoll-question-choices-item-container\">\n        \n\t\t        \n        <div class=\"totalpoll-question-choices-item-control\">\n            <div class=\"totalpoll-question-choices-item-selector totalpoll-question-choices-item-selector-single\">\n\t\t\t\t<input type=\"radio\" id=\"choice-89a6fa2a-af84-4cbe-941b-b63a13650f75-selector\" name=\"totalpoll[choices][3790cf11-53af-46d9-b271-59e12c1d4718][]\" value=\"89a6fa2a-af84-4cbe-941b-b63a13650f75\">                <div class=\"totalpoll-question-choices-item-selector-box\">\n                    <svg xmlns=\"http:\/\/www.w3.org\/2000\/svg\" width=\"24\" height=\"24\" viewBox=\"0 0 24 24\">\n                        <use xmlns:xlink=\"http:\/\/www.w3.org\/1999\/xlink\" xlink:href=\"#totalpoll-check-icon\"><\/use>\n                    <\/svg>\n                <\/div>\n            <\/div>\n            <div class=\"totalpoll-question-choices-item-label\" role=\"button\">\n                <span >Bir bu\u00e7uk - \u0130ki saat aras\u0131<\/span>\n            <\/div>\n        <\/div>\n    <\/div>\n<\/label>\n\t\t\t\t\t\t\t\t\t\t\t\t\t\t\t\t<label for=\"choice-fb3b731e-d935-41a1-8cec-6e926a1162d1-selector\"\n       tabindex=\"0\"\n       aria-label=\"Vote for: Bir - Bir bu\u00e7uk saat\"\n       class=\"totalpoll-question-choices-item totalpoll-question-choices-item-type-text \" >\n    <div class=\"totalpoll-question-choices-item-container\">\n        \n\t\t        \n        <div class=\"totalpoll-question-choices-item-control\">\n            <div class=\"totalpoll-question-choices-item-selector totalpoll-question-choices-item-selector-single\">\n\t\t\t\t<input type=\"radio\" id=\"choice-fb3b731e-d935-41a1-8cec-6e926a1162d1-selector\" name=\"totalpoll[choices][3790cf11-53af-46d9-b271-59e12c1d4718][]\" value=\"fb3b731e-d935-41a1-8cec-6e926a1162d1\">                <div class=\"totalpoll-question-choices-item-selector-box\">\n                    <svg xmlns=\"http:\/\/www.w3.org\/2000\/svg\" width=\"24\" height=\"24\" viewBox=\"0 0 24 24\">\n                        <use xmlns:xlink=\"http:\/\/www.w3.org\/1999\/xlink\" xlink:href=\"#totalpoll-check-icon\"><\/use>\n                    <\/svg>\n                <\/div>\n            <\/div>\n            <div class=\"totalpoll-question-choices-item-label\" role=\"button\">\n                <span >Bir - Bir bu\u00e7uk saat<\/span>\n            <\/div>\n        <\/div>\n    <\/div>\n<\/label>\n\t\t\t\t\t\t\t\t\t\t\t\t\t\t\t\t<label for=\"choice-9da72bf1-cd23-47d4-9a27-76aad12b619e-selector\"\n       tabindex=\"0\"\n       aria-label=\"Vote for: Yar\u0131m saat - bir saat\"\n       class=\"totalpoll-question-choices-item totalpoll-question-choices-item-type-text \" >\n    <div class=\"totalpoll-question-choices-item-container\">\n        \n\t\t        \n        <div class=\"totalpoll-question-choices-item-control\">\n            <div class=\"totalpoll-question-choices-item-selector totalpoll-question-choices-item-selector-single\">\n\t\t\t\t<input type=\"radio\" id=\"choice-9da72bf1-cd23-47d4-9a27-76aad12b619e-selector\" name=\"totalpoll[choices][3790cf11-53af-46d9-b271-59e12c1d4718][]\" value=\"9da72bf1-cd23-47d4-9a27-76aad12b619e\">                <div class=\"totalpoll-question-choices-item-selector-box\">\n                    <svg xmlns=\"http:\/\/www.w3.org\/2000\/svg\" width=\"24\" height=\"24\" viewBox=\"0 0 24 24\">\n                        <use xmlns:xlink=\"http:\/\/www.w3.org\/1999\/xlink\" xlink:href=\"#totalpoll-check-icon\"><\/use>\n                    <\/svg>\n                <\/div>\n            <\/div>\n            <div class=\"totalpoll-question-choices-item-label\" role=\"button\">\n                <span >Yar\u0131m saat - bir saat<\/span>\n            <\/div>\n        <\/div>\n    <\/div>\n<\/label>\n\t\t\t\t\t\t\t\t\t\t\t\t\t\t\t\t<label for=\"choice-792b2f4e-e340-4701-958d-6f363694122f-selector\"\n       tabindex=\"0\"\n       aria-label=\"Vote for: En fazla 10 dakika\"\n       class=\"totalpoll-question-choices-item totalpoll-question-choices-item-type-text \" >\n    <div class=\"totalpoll-question-choices-item-container\">\n        \n\t\t        \n        <div class=\"totalpoll-question-choices-item-control\">\n            <div class=\"totalpoll-question-choices-item-selector totalpoll-question-choices-item-selector-single\">\n\t\t\t\t<input type=\"radio\" id=\"choice-792b2f4e-e340-4701-958d-6f363694122f-selector\" name=\"totalpoll[choices][3790cf11-53af-46d9-b271-59e12c1d4718][]\" value=\"792b2f4e-e340-4701-958d-6f363694122f\">                <div class=\"totalpoll-question-choices-item-selector-box\">\n                    <svg xmlns=\"http:\/\/www.w3.org\/2000\/svg\" width=\"24\" height=\"24\" viewBox=\"0 0 24 24\">\n                        <use xmlns:xlink=\"http:\/\/www.w3.org\/1999\/xlink\" xlink:href=\"#totalpoll-check-icon\"><\/use>\n                    <\/svg>\n                <\/div>\n            <\/div>\n            <div class=\"totalpoll-question-choices-item-label\" role=\"button\">\n                <span >En fazla 10 dakika<\/span>\n            <\/div>\n        <\/div>\n    <\/div>\n<\/label>\n\t\t\t\t\t\t\t\t\t\t\t\t\t\t\t\t<label for=\"choice-b56c4f3d-7bce-4b05-83fe-71eff5e9d0e9-selector\"\n       tabindex=\"0\"\n       aria-label=\"Vote for: En fazla yar\u0131m saat\"\n       class=\"totalpoll-question-choices-item totalpoll-question-choices-item-type-text \" >\n    <div class=\"totalpoll-question-choices-item-container\">\n        \n\t\t        \n        <div class=\"totalpoll-question-choices-item-control\">\n            <div class=\"totalpoll-question-choices-item-selector totalpoll-question-choices-item-selector-single\">\n\t\t\t\t<input type=\"radio\" id=\"choice-b56c4f3d-7bce-4b05-83fe-71eff5e9d0e9-selector\" name=\"totalpoll[choices][3790cf11-53af-46d9-b271-59e12c1d4718][]\" value=\"b56c4f3d-7bce-4b05-83fe-71eff5e9d0e9\">                <div class=\"totalpoll-question-choices-item-selector-box\">\n                    <svg xmlns=\"http:\/\/www.w3.org\/2000\/svg\" width=\"24\" height=\"24\" viewBox=\"0 0 24 24\">\n                        <use xmlns:xlink=\"http:\/\/www.w3.org\/1999\/xlink\" xlink:href=\"#totalpoll-check-icon\"><\/use>\n                    <\/svg>\n                <\/div>\n            <\/div>\n            <div class=\"totalpoll-question-choices-item-label\" role=\"button\">\n                <span >En fazla yar\u0131m saat<\/span>\n            <\/div>\n        <\/div>\n    <\/div>\n<\/label>\n\t\t\t\t\t\t\t            \n\t\t\t            \n        <\/div>\n    <\/div>\n<\/div>\n    <\/div>\n<div class=\"totalpoll-form-hidden-fields\">\n\t<div class=\"totalpoll-form-page\"><div class=\"totalpoll-form-field-hidden\"><div class=\"totalpoll-form-field totalpoll-form-field-type-hidden totalpoll-column-full\"><div class=\"totalpoll-form-field-wrapper\"><input type=\"hidden\" name=\"totalpoll[screen]\" value=\"vote\" class=\"totalpoll-form-field-input\"><div class=\"totalpoll-form-field-errors\"><\/div><\/div><\/div><\/div><div class=\"totalpoll-form-field-hidden\"><div class=\"totalpoll-form-field totalpoll-form-field-type-hidden totalpoll-column-full\"><div class=\"totalpoll-form-field-wrapper\"><input type=\"hidden\" name=\"totalpoll[pollId]\" value=\"257\" class=\"totalpoll-form-field-input\"><div class=\"totalpoll-form-field-errors\"><\/div><\/div><\/div><\/div><div class=\"totalpoll-form-field-hidden\"><div class=\"totalpoll-form-field totalpoll-form-field-type-hidden totalpoll-column-full\"><div class=\"totalpoll-form-field-wrapper\"><input type=\"hidden\" name=\"totalpoll[action]\" value=\"\" class=\"totalpoll-form-field-input\"><div class=\"totalpoll-form-field-errors\"><\/div><\/div><\/div><\/div><\/div><\/div>\n<div class=\"totalpoll-buttons\">\n\t<button type=\"submit\" name=\"totalpoll[action]\" value=\"vote\" class=\"totalpoll-button totalpoll-button-primary totalpoll-buttons-vote\">Oyla<\/button><\/div>\n<p>***Bu harika anket \"crazy66\" taraf\u0131ndan g\u00f6nderilmi\u015ftir. Te\u015fekk\u00fcrler crazy66!<\/p>\n<\/form><\/div><\/div>\n<\/div>\n\n\n\n<div class=\"wp-block-column is-layout-flow wp-block-column-is-layout-flow\"><\/div>\n<\/div>\n","protected":false},"excerpt":{"rendered":"<p>\u015eimdiye kadar ziyaret\u00e7iler taraf\u0131ndan g\u00f6nderilip sitede keyifle oylanan anketlerden baz\u0131lar\u0131:<\/p>\n","protected":false},"author":1,"featured_media":0,"parent":0,"menu_order":0,"comment_status":"closed","ping_status":"closed","template":"","meta":{"footnotes":""},"class_list":["post-534","page","type-page","status-publish","hentry"],"_links":{"self":[{"href":"https:\/\/www.hemenanket.com\/index.php\/wp-json\/wp\/v2\/pages\/534","targetHints":{"allow":["GET"]}}],"collection":[{"href":"https:\/\/www.hemenanket.com\/index.php\/wp-json\/wp\/v2\/pages"}],"about":[{"href":"https:\/\/www.hemenanket.com\/index.php\/wp-json\/wp\/v2\/types\/page"}],"author":[{"embeddable":true,"href":"https:\/\/www.hemenanket.com\/index.php\/wp-json\/wp\/v2\/users\/1"}],"replies":[{"embeddable":true,"href":"https:\/\/www.hemenanket.com\/index.php\/wp-json\/wp\/v2\/comments?post=534"}],"version-history":[{"count":2,"href":"https:\/\/www.hemenanket.com\/index.php\/wp-json\/wp\/v2\/pages\/534\/revisions"}],"predecessor-version":[{"id":617,"href":"https:\/\/www.hemenanket.com\/index.php\/wp-json\/wp\/v2\/pages\/534\/revisions\/617"}],"wp:attachment":[{"href":"https:\/\/www.hemenanket.com\/index.php\/wp-json\/wp\/v2\/media?parent=534"}],"curies":[{"name":"wp","href":"https:\/\/api.w.org\/{rel}","templated":true}]}}