{"id":481,"date":"2025-12-22T13:36:41","date_gmt":"2025-12-22T10:36:41","guid":{"rendered":"https:\/\/www.hemenanket.com\/?page_id=481"},"modified":"2025-12-22T16:21:07","modified_gmt":"2025-12-22T13:21:07","slug":"saglik-anketleri","status":"publish","type":"page","link":"https:\/\/www.hemenanket.com\/index.php\/saglik-anketleri\/","title":{"rendered":"Sa\u011fl\u0131k Anketleri"},"content":{"rendered":"\n<div style=\"height:70px\" aria-hidden=\"true\" class=\"wp-block-spacer\"><\/div>\n\n\n\n<div class=\"wp-block-columns is-layout-flex wp-container-core-columns-is-layout-9d6595d7 wp-block-columns-is-layout-flex\">\n<div class=\"wp-block-column is-layout-flow wp-block-column-is-layout-flow\"><div id=\"totalpoll\" class=\"totalpoll-wrapper totalpoll-uid-2e21fe0b6d537996d47c3d4b16d0e3cc is-ltr is-screen-results\" totalpoll=\"487\" totalpoll-uid=\"2e21fe0b6d537996d47c3d4b16d0e3cc\" totalpoll-screen=\"results\" totalpoll-ajax-url=\"https:\/\/www.hemenanket.com\/wp-admin\/admin-ajax.php?action=totalpoll&#038;totalpoll%5BpollId%5D=487&#038;totalpoll%5Baction%5D=view&#038;totalpoll%5Bscreen%5D=results\"><script type=\"text\/totalpoll-config\" totalpoll-config=\"487\">{\"ajaxEndpoint\":\"https:\\\/\\\/www.hemenanket.com\\\/wp-admin\\\/admin-ajax.php?action=totalpoll\",\"behaviours\":{\"ajax\":true,\"scrollUp\":true,\"async\":true},\"effects\":{\"transition\":\"fade\",\"duration\":\"500\"},\"i18n\":{\"Previous\":\"\\u00d6nceki\",\"Next\":\"Sonraki\",\"of\":\"of\",\"Something went wrong! Please try again.\":\"Something went wrong! Please try again.\"}}<\/script><link rel=\"stylesheet\" id=\"totalpoll-poll-2e21fe0b6d537996d47c3d4b16d0e3cc-css\"  href=\"https:\/\/www.hemenanket.com\/wp-content\/cache\/totalpoll\/css\/2e21fe0b6d537996d47c3d4b16d0e3cc.css\" type=\"text\/css\" media=\"all\" \/><div id=\"totalpoll-poll-487\" class=\"totalpoll-container\"><form action=\"\" enctype=\"multipart\/form-data\" class=\"totalpoll-form\" method=\"POST\" novalidate=\"novalidate\">    <div class=\"totalpoll-message totalpoll-message-error\">Misafir oldu\u011funuz i\u00e7in oy veremezsiniz, l\u00fctfen <a href=\"https:\/\/www.hemenanket.com\/wp-login.php?redirect_to=https%3A%2F%2Fwww.hemenanket.com%2Findex.php%2Fwp-json%2Fwp%2Fv2%2Fpages%2F481\">oturum a\u00e7\u0131n<\/a> veya <a href=\"https:\/\/www.hemenanket.com\/wp-login.php?action=register\">kaydolun<\/a>.<\/div>\n<div style=\"visibility: hidden; position: absolute; width: 0px; height: 0px;\">\n    <svg id=\"totalpoll-check-icon\" xmlns=\"http:\/\/www.w3.org\/2000\/svg\" width=\"24\" height=\"24\" viewBox=\"0 0 24 24\">\n        <path d=\"M0,0H24V24H0Z\" fill=\"none\"\/>\n        <path d=\"M9,15.1999l-4.2-4.2L2.3999,13.4,9,20.0001,22.0001,7,19.6,4.5999Z\"\/>\n    <\/svg>\n<\/div>\n    <div class=\"totalpoll-questions\">\n\t\t<div class=\"totalpoll-question\" >\n    <div class=\"totalpoll-question-container\">\n        <div class=\"totalpoll-question-content\" >\n\t\t\t<p>\u00d6zel Sa\u011fl\u0131k Sigortan\u0131z Var m\u0131?<\/p>\n        <\/div>\n\n        <div class=\"totalpoll-question-choices\">\n\t\t\t\t\t\t\t\t\t\t\t\t<div class=\"totalpoll-question-choices-item totalpoll-question-choices-item-results totalpoll-question-choices-item-type-text \" >\n    <div class=\"totalpoll-question-choices-item-container\">\n        \n\t\t        \n        <div class=\"totalpoll-question-choices-item-label\">\n            <span >O da ne?<\/span>\n            <div class=\"totalpoll-question-choices-item-votes\">\n                <div class=\"totalpoll-question-choices-item-votes-bar\" style=\"width: 0.00%\"><\/div>\n                <div class=\"totalpoll-question-choices-item-votes-text is-zero\">0<\/div>\n            <\/div>\n        <\/div>\n    <\/div>\n<\/div>\n\t\t\t\t\t\t\t\t\t\t\t\t\t\t\t\t<div class=\"totalpoll-question-choices-item totalpoll-question-choices-item-results totalpoll-question-choices-item-type-text \" >\n    <div class=\"totalpoll-question-choices-item-container\">\n        \n\t\t        \n        <div class=\"totalpoll-question-choices-item-label\">\n            <span >Hay\u0131r, yok.<\/span>\n            <div class=\"totalpoll-question-choices-item-votes\">\n                <div class=\"totalpoll-question-choices-item-votes-bar\" style=\"width: 0.00%\"><\/div>\n                <div class=\"totalpoll-question-choices-item-votes-text is-zero\">0<\/div>\n            <\/div>\n        <\/div>\n    <\/div>\n<\/div>\n\t\t\t\t\t\t\t\t\t\t\t\t\t\t\t\t<div class=\"totalpoll-question-choices-item totalpoll-question-choices-item-results totalpoll-question-choices-item-type-text \" >\n    <div class=\"totalpoll-question-choices-item-container\">\n        \n\t\t        \n        <div class=\"totalpoll-question-choices-item-label\">\n            <span >Evet, var.<\/span>\n            <div class=\"totalpoll-question-choices-item-votes\">\n                <div class=\"totalpoll-question-choices-item-votes-bar\" style=\"width: 0.00%\"><\/div>\n                <div class=\"totalpoll-question-choices-item-votes-text is-zero\">0<\/div>\n            <\/div>\n        <\/div>\n    <\/div>\n<\/div>\n\t\t\t\t\t\t\t        <\/div>\n    <\/div>\n<\/div>\n    <\/div>\n\t<div class=\"totalpoll-form-hidden-fields\">\n\t<div class=\"totalpoll-form-page\"><div class=\"totalpoll-form-field-hidden\"><div class=\"totalpoll-form-field totalpoll-form-field-type-hidden totalpoll-column-full\"><div class=\"totalpoll-form-field-wrapper\"><input type=\"hidden\" name=\"totalpoll[screen]\" value=\"results\" class=\"totalpoll-form-field-input\"><div class=\"totalpoll-form-field-errors\"><\/div><\/div><\/div><\/div><div class=\"totalpoll-form-field-hidden\"><div class=\"totalpoll-form-field totalpoll-form-field-type-hidden totalpoll-column-full\"><div class=\"totalpoll-form-field-wrapper\"><input type=\"hidden\" name=\"totalpoll[pollId]\" value=\"487\" class=\"totalpoll-form-field-input\"><div class=\"totalpoll-form-field-errors\"><\/div><\/div><\/div><\/div><div class=\"totalpoll-form-field-hidden\"><div class=\"totalpoll-form-field totalpoll-form-field-type-hidden totalpoll-column-full\"><div class=\"totalpoll-form-field-wrapper\"><input type=\"hidden\" name=\"totalpoll[action]\" value=\"\" class=\"totalpoll-form-field-input\"><div class=\"totalpoll-form-field-errors\"><\/div><\/div><\/div><\/div><\/div><\/div>\n<div class=\"totalpoll-buttons\">\n\t<\/div>\n<\/form><\/div><\/div>\n\n\n<div id=\"totalpoll\" class=\"totalpoll-wrapper totalpoll-uid-2e21fe0b6d537996d47c3d4b16d0e3cc is-ltr is-screen-results\" totalpoll=\"493\" totalpoll-uid=\"2e21fe0b6d537996d47c3d4b16d0e3cc\" totalpoll-screen=\"results\" totalpoll-ajax-url=\"https:\/\/www.hemenanket.com\/wp-admin\/admin-ajax.php?action=totalpoll&#038;totalpoll%5BpollId%5D=493&#038;totalpoll%5Baction%5D=view&#038;totalpoll%5Bscreen%5D=results\"><script type=\"text\/totalpoll-config\" totalpoll-config=\"493\">{\"ajaxEndpoint\":\"https:\\\/\\\/www.hemenanket.com\\\/wp-admin\\\/admin-ajax.php?action=totalpoll\",\"behaviours\":{\"ajax\":true,\"scrollUp\":true,\"async\":true},\"effects\":{\"transition\":\"fade\",\"duration\":\"500\"},\"i18n\":{\"Previous\":\"\\u00d6nceki\",\"Next\":\"Sonraki\",\"of\":\"of\",\"Something went wrong! Please try again.\":\"Something went wrong! Please try again.\"}}<\/script><link rel=\"stylesheet\" id=\"totalpoll-poll-2e21fe0b6d537996d47c3d4b16d0e3cc-css\"  href=\"https:\/\/www.hemenanket.com\/wp-content\/cache\/totalpoll\/css\/2e21fe0b6d537996d47c3d4b16d0e3cc.css\" type=\"text\/css\" media=\"all\" \/><div id=\"totalpoll-poll-493\" class=\"totalpoll-container\"><form action=\"\" enctype=\"multipart\/form-data\" class=\"totalpoll-form\" method=\"POST\" novalidate=\"novalidate\">    <div class=\"totalpoll-message totalpoll-message-error\">Misafir oldu\u011funuz i\u00e7in oy veremezsiniz, l\u00fctfen <a href=\"https:\/\/www.hemenanket.com\/wp-login.php?redirect_to=https%3A%2F%2Fwww.hemenanket.com%2Findex.php%2Fwp-json%2Fwp%2Fv2%2Fpages%2F481\">oturum a\u00e7\u0131n<\/a> veya <a href=\"https:\/\/www.hemenanket.com\/wp-login.php?action=register\">kaydolun<\/a>.<\/div>\n<div style=\"visibility: hidden; position: absolute; width: 0px; height: 0px;\">\n    <svg id=\"totalpoll-check-icon\" xmlns=\"http:\/\/www.w3.org\/2000\/svg\" width=\"24\" height=\"24\" viewBox=\"0 0 24 24\">\n        <path d=\"M0,0H24V24H0Z\" fill=\"none\"\/>\n        <path d=\"M9,15.1999l-4.2-4.2L2.3999,13.4,9,20.0001,22.0001,7,19.6,4.5999Z\"\/>\n    <\/svg>\n<\/div>\n    <div class=\"totalpoll-questions\">\n\t\t<div class=\"totalpoll-question\" >\n    <div class=\"totalpoll-question-container\">\n        <div class=\"totalpoll-question-content\" >\n\t\t\t<p>Takviye vitamin kullan\u0131yor musunuz?<\/p>\n        <\/div>\n\n        <div class=\"totalpoll-question-choices\">\n\t\t\t\t\t\t\t\t\t\t\t\t<div class=\"totalpoll-question-choices-item totalpoll-question-choices-item-results totalpoll-question-choices-item-type-text \" >\n    <div class=\"totalpoll-question-choices-item-container\">\n        \n\t\t        \n        <div class=\"totalpoll-question-choices-item-label\">\n            <span >Evet ama d\u00fczenli de\u011fil.<\/span>\n            <div class=\"totalpoll-question-choices-item-votes\">\n                <div class=\"totalpoll-question-choices-item-votes-bar\" style=\"width: 100.00%\"><\/div>\n                <div class=\"totalpoll-question-choices-item-votes-text \">1<\/div>\n            <\/div>\n        <\/div>\n    <\/div>\n<\/div>\n\t\t\t\t\t\t\t\t\t\t\t\t\t\t\t\t<div class=\"totalpoll-question-choices-item totalpoll-question-choices-item-results totalpoll-question-choices-item-type-text \" >\n    <div class=\"totalpoll-question-choices-item-container\">\n        \n\t\t        \n        <div class=\"totalpoll-question-choices-item-label\">\n            <span >Hay\u0131r, kullanm\u0131yorum.<\/span>\n            <div class=\"totalpoll-question-choices-item-votes\">\n                <div class=\"totalpoll-question-choices-item-votes-bar\" style=\"width: 0.00%\"><\/div>\n                <div class=\"totalpoll-question-choices-item-votes-text is-zero\">0<\/div>\n            <\/div>\n        <\/div>\n    <\/div>\n<\/div>\n\t\t\t\t\t\t\t\t\t\t\t\t\t\t\t\t<div class=\"totalpoll-question-choices-item totalpoll-question-choices-item-results totalpoll-question-choices-item-type-text \" >\n    <div class=\"totalpoll-question-choices-item-container\">\n        \n\t\t        \n        <div class=\"totalpoll-question-choices-item-label\">\n            <span >Evet, d\u00fczenli kullan\u0131yorum.<\/span>\n            <div class=\"totalpoll-question-choices-item-votes\">\n                <div class=\"totalpoll-question-choices-item-votes-bar\" style=\"width: 0.00%\"><\/div>\n                <div class=\"totalpoll-question-choices-item-votes-text is-zero\">0<\/div>\n            <\/div>\n        <\/div>\n    <\/div>\n<\/div>\n\t\t\t\t\t\t\t        <\/div>\n    <\/div>\n<\/div>\n    <\/div>\n\t<div class=\"totalpoll-form-hidden-fields\">\n\t<div class=\"totalpoll-form-page\"><div class=\"totalpoll-form-field-hidden\"><div class=\"totalpoll-form-field totalpoll-form-field-type-hidden totalpoll-column-full\"><div class=\"totalpoll-form-field-wrapper\"><input type=\"hidden\" name=\"totalpoll[screen]\" value=\"results\" class=\"totalpoll-form-field-input\"><div class=\"totalpoll-form-field-errors\"><\/div><\/div><\/div><\/div><div class=\"totalpoll-form-field-hidden\"><div class=\"totalpoll-form-field totalpoll-form-field-type-hidden totalpoll-column-full\"><div class=\"totalpoll-form-field-wrapper\"><input type=\"hidden\" name=\"totalpoll[pollId]\" value=\"493\" class=\"totalpoll-form-field-input\"><div class=\"totalpoll-form-field-errors\"><\/div><\/div><\/div><\/div><div class=\"totalpoll-form-field-hidden\"><div class=\"totalpoll-form-field totalpoll-form-field-type-hidden totalpoll-column-full\"><div class=\"totalpoll-form-field-wrapper\"><input type=\"hidden\" name=\"totalpoll[action]\" value=\"\" class=\"totalpoll-form-field-input\"><div class=\"totalpoll-form-field-errors\"><\/div><\/div><\/div><\/div><\/div><\/div>\n<div class=\"totalpoll-buttons\">\n\t<\/div>\n<\/form><\/div><\/div>\n<\/div>\n\n\n\n<div class=\"wp-block-column is-layout-flow wp-block-column-is-layout-flow\"><div id=\"totalpoll\" class=\"totalpoll-wrapper totalpoll-uid-2e21fe0b6d537996d47c3d4b16d0e3cc is-ltr is-screen-results\" totalpoll=\"490\" totalpoll-uid=\"2e21fe0b6d537996d47c3d4b16d0e3cc\" totalpoll-screen=\"results\" totalpoll-ajax-url=\"https:\/\/www.hemenanket.com\/wp-admin\/admin-ajax.php?action=totalpoll&#038;totalpoll%5BpollId%5D=490&#038;totalpoll%5Baction%5D=view&#038;totalpoll%5Bscreen%5D=results\"><script type=\"text\/totalpoll-config\" totalpoll-config=\"490\">{\"ajaxEndpoint\":\"https:\\\/\\\/www.hemenanket.com\\\/wp-admin\\\/admin-ajax.php?action=totalpoll\",\"behaviours\":{\"ajax\":true,\"scrollUp\":true,\"async\":true},\"effects\":{\"transition\":\"fade\",\"duration\":\"500\"},\"i18n\":{\"Previous\":\"\\u00d6nceki\",\"Next\":\"Sonraki\",\"of\":\"of\",\"Something went wrong! Please try again.\":\"Something went wrong! Please try again.\"}}<\/script><link rel=\"stylesheet\" id=\"totalpoll-poll-2e21fe0b6d537996d47c3d4b16d0e3cc-css\"  href=\"https:\/\/www.hemenanket.com\/wp-content\/cache\/totalpoll\/css\/2e21fe0b6d537996d47c3d4b16d0e3cc.css\" type=\"text\/css\" media=\"all\" \/><div id=\"totalpoll-poll-490\" class=\"totalpoll-container\"><form action=\"\" enctype=\"multipart\/form-data\" class=\"totalpoll-form\" method=\"POST\" novalidate=\"novalidate\">    <div class=\"totalpoll-message totalpoll-message-error\">Misafir oldu\u011funuz i\u00e7in oy veremezsiniz, l\u00fctfen <a href=\"https:\/\/www.hemenanket.com\/wp-login.php?redirect_to=https%3A%2F%2Fwww.hemenanket.com%2Findex.php%2Fwp-json%2Fwp%2Fv2%2Fpages%2F481\">oturum a\u00e7\u0131n<\/a> veya <a href=\"https:\/\/www.hemenanket.com\/wp-login.php?action=register\">kaydolun<\/a>.<\/div>\n<div style=\"visibility: hidden; position: absolute; width: 0px; height: 0px;\">\n    <svg id=\"totalpoll-check-icon\" xmlns=\"http:\/\/www.w3.org\/2000\/svg\" width=\"24\" height=\"24\" viewBox=\"0 0 24 24\">\n        <path d=\"M0,0H24V24H0Z\" fill=\"none\"\/>\n        <path d=\"M9,15.1999l-4.2-4.2L2.3999,13.4,9,20.0001,22.0001,7,19.6,4.5999Z\"\/>\n    <\/svg>\n<\/div>\n    <div class=\"totalpoll-questions\">\n\t\t<div class=\"totalpoll-question\" >\n    <div class=\"totalpoll-question-container\">\n        <div class=\"totalpoll-question-content\" >\n\t\t\t<p>\u0130lk \u00f6nce hangi t\u00fcr hastaneyi tercih ediyorsunuz?<\/p>\n        <\/div>\n\n        <div class=\"totalpoll-question-choices\">\n\t\t\t\t\t\t\t\t\t\t\t\t<div class=\"totalpoll-question-choices-item totalpoll-question-choices-item-results totalpoll-question-choices-item-type-text \" >\n    <div class=\"totalpoll-question-choices-item-container\">\n        \n\t\t        \n        <div class=\"totalpoll-question-choices-item-label\">\n            <span >Sa\u011fl\u0131k Oca\u011f\u0131<\/span>\n            <div class=\"totalpoll-question-choices-item-votes\">\n                <div class=\"totalpoll-question-choices-item-votes-bar\" style=\"width: 100.00%\"><\/div>\n                <div class=\"totalpoll-question-choices-item-votes-text \">1<\/div>\n            <\/div>\n        <\/div>\n    <\/div>\n<\/div>\n\t\t\t\t\t\t\t\t\t\t\t\t\t\t\t\t<div class=\"totalpoll-question-choices-item totalpoll-question-choices-item-results totalpoll-question-choices-item-type-text \" >\n    <div class=\"totalpoll-question-choices-item-container\">\n        \n\t\t        \n        <div class=\"totalpoll-question-choices-item-label\">\n            <span >\u00d6zel<\/span>\n            <div class=\"totalpoll-question-choices-item-votes\">\n                <div class=\"totalpoll-question-choices-item-votes-bar\" style=\"width: 0.00%\"><\/div>\n                <div class=\"totalpoll-question-choices-item-votes-text is-zero\">0<\/div>\n            <\/div>\n        <\/div>\n    <\/div>\n<\/div>\n\t\t\t\t\t\t\t\t\t\t\t\t\t\t\t\t<div class=\"totalpoll-question-choices-item totalpoll-question-choices-item-results totalpoll-question-choices-item-type-text \" >\n    <div class=\"totalpoll-question-choices-item-container\">\n        \n\t\t        \n        <div class=\"totalpoll-question-choices-item-label\">\n            <span >Devlet<\/span>\n            <div class=\"totalpoll-question-choices-item-votes\">\n                <div class=\"totalpoll-question-choices-item-votes-bar\" style=\"width: 0.00%\"><\/div>\n                <div class=\"totalpoll-question-choices-item-votes-text is-zero\">0<\/div>\n            <\/div>\n        <\/div>\n    <\/div>\n<\/div>\n\t\t\t\t\t\t\t        <\/div>\n    <\/div>\n<\/div>\n    <\/div>\n\t<div class=\"totalpoll-form-hidden-fields\">\n\t<div class=\"totalpoll-form-page\"><div class=\"totalpoll-form-field-hidden\"><div class=\"totalpoll-form-field totalpoll-form-field-type-hidden totalpoll-column-full\"><div class=\"totalpoll-form-field-wrapper\"><input type=\"hidden\" name=\"totalpoll[screen]\" value=\"results\" class=\"totalpoll-form-field-input\"><div class=\"totalpoll-form-field-errors\"><\/div><\/div><\/div><\/div><div class=\"totalpoll-form-field-hidden\"><div class=\"totalpoll-form-field totalpoll-form-field-type-hidden totalpoll-column-full\"><div class=\"totalpoll-form-field-wrapper\"><input type=\"hidden\" name=\"totalpoll[pollId]\" value=\"490\" class=\"totalpoll-form-field-input\"><div class=\"totalpoll-form-field-errors\"><\/div><\/div><\/div><\/div><div class=\"totalpoll-form-field-hidden\"><div class=\"totalpoll-form-field totalpoll-form-field-type-hidden totalpoll-column-full\"><div class=\"totalpoll-form-field-wrapper\"><input type=\"hidden\" name=\"totalpoll[action]\" value=\"\" class=\"totalpoll-form-field-input\"><div class=\"totalpoll-form-field-errors\"><\/div><\/div><\/div><\/div><\/div><\/div>\n<div class=\"totalpoll-buttons\">\n\t<\/div>\n<p>Toplam kullan\u0131lan oy: 1<\/p>\n<\/form><\/div><\/div>\n<\/div>\n\n\n\n<div class=\"wp-block-column is-layout-flow wp-block-column-is-layout-flow\"><div id=\"totalpoll\" class=\"totalpoll-wrapper totalpoll-uid-2e21fe0b6d537996d47c3d4b16d0e3cc is-ltr is-screen-results\" totalpoll=\"492\" totalpoll-uid=\"2e21fe0b6d537996d47c3d4b16d0e3cc\" totalpoll-screen=\"results\" totalpoll-ajax-url=\"https:\/\/www.hemenanket.com\/wp-admin\/admin-ajax.php?action=totalpoll&#038;totalpoll%5BpollId%5D=492&#038;totalpoll%5Baction%5D=view&#038;totalpoll%5Bscreen%5D=results\"><script type=\"text\/totalpoll-config\" totalpoll-config=\"492\">{\"ajaxEndpoint\":\"https:\\\/\\\/www.hemenanket.com\\\/wp-admin\\\/admin-ajax.php?action=totalpoll\",\"behaviours\":{\"ajax\":true,\"scrollUp\":true,\"async\":true},\"effects\":{\"transition\":\"fade\",\"duration\":\"500\"},\"i18n\":{\"Previous\":\"\\u00d6nceki\",\"Next\":\"Sonraki\",\"of\":\"of\",\"Something went wrong! Please try again.\":\"Something went wrong! Please try again.\"}}<\/script><link rel=\"stylesheet\" id=\"totalpoll-poll-2e21fe0b6d537996d47c3d4b16d0e3cc-css\"  href=\"https:\/\/www.hemenanket.com\/wp-content\/cache\/totalpoll\/css\/2e21fe0b6d537996d47c3d4b16d0e3cc.css\" type=\"text\/css\" media=\"all\" \/><div id=\"totalpoll-poll-492\" class=\"totalpoll-container\"><form action=\"\" enctype=\"multipart\/form-data\" class=\"totalpoll-form\" method=\"POST\" novalidate=\"novalidate\">    <div class=\"totalpoll-message totalpoll-message-error\">Misafir oldu\u011funuz i\u00e7in oy veremezsiniz, l\u00fctfen <a href=\"https:\/\/www.hemenanket.com\/wp-login.php?redirect_to=https%3A%2F%2Fwww.hemenanket.com%2Findex.php%2Fwp-json%2Fwp%2Fv2%2Fpages%2F481\">oturum a\u00e7\u0131n<\/a> veya <a href=\"https:\/\/www.hemenanket.com\/wp-login.php?action=register\">kaydolun<\/a>.<\/div>\n<div style=\"visibility: hidden; position: absolute; width: 0px; height: 0px;\">\n    <svg id=\"totalpoll-check-icon\" xmlns=\"http:\/\/www.w3.org\/2000\/svg\" width=\"24\" height=\"24\" viewBox=\"0 0 24 24\">\n        <path d=\"M0,0H24V24H0Z\" fill=\"none\"\/>\n        <path d=\"M9,15.1999l-4.2-4.2L2.3999,13.4,9,20.0001,22.0001,7,19.6,4.5999Z\"\/>\n    <\/svg>\n<\/div>\n    <div class=\"totalpoll-questions\">\n\t\t<div class=\"totalpoll-question\" >\n    <div class=\"totalpoll-question-container\">\n        <div class=\"totalpoll-question-content\" >\n\t\t\t<p>Ne s\u0131kl\u0131kla ila\u00e7 kullan\u0131yorsunuz?<\/p>\n        <\/div>\n\n        <div class=\"totalpoll-question-choices\">\n\t\t\t\t\t\t\t\t\t\t\t\t<div class=\"totalpoll-question-choices-item totalpoll-question-choices-item-results totalpoll-question-choices-item-type-text \" >\n    <div class=\"totalpoll-question-choices-item-container\">\n        \n\t\t        \n        <div class=\"totalpoll-question-choices-item-label\">\n            <span >Asla<\/span>\n            <div class=\"totalpoll-question-choices-item-votes\">\n                <div class=\"totalpoll-question-choices-item-votes-bar\" style=\"width: 0.00%\"><\/div>\n                <div class=\"totalpoll-question-choices-item-votes-text is-zero\">{{votes}<\/div>\n            <\/div>\n        <\/div>\n    <\/div>\n<\/div>\n\t\t\t\t\t\t\t\t\t\t\t\t\t\t\t\t<div class=\"totalpoll-question-choices-item totalpoll-question-choices-item-results totalpoll-question-choices-item-type-text \" >\n    <div class=\"totalpoll-question-choices-item-container\">\n        \n\t\t        \n        <div class=\"totalpoll-question-choices-item-label\">\n            <span >Mecbur kalmad\u0131k\u00e7a almam<\/span>\n            <div class=\"totalpoll-question-choices-item-votes\">\n                <div class=\"totalpoll-question-choices-item-votes-bar\" style=\"width: 0.00%\"><\/div>\n                <div class=\"totalpoll-question-choices-item-votes-text is-zero\">{{votes}<\/div>\n            <\/div>\n        <\/div>\n    <\/div>\n<\/div>\n\t\t\t\t\t\t\t\t\t\t\t\t\t\t\t\t<div class=\"totalpoll-question-choices-item totalpoll-question-choices-item-results totalpoll-question-choices-item-type-text \" >\n    <div class=\"totalpoll-question-choices-item-container\">\n        \n\t\t        \n        <div class=\"totalpoll-question-choices-item-label\">\n            <span >Ayda bir ka\u00e7 kez<\/span>\n            <div class=\"totalpoll-question-choices-item-votes\">\n                <div class=\"totalpoll-question-choices-item-votes-bar\" style=\"width: 0.00%\"><\/div>\n                <div class=\"totalpoll-question-choices-item-votes-text is-zero\">{{votes}<\/div>\n            <\/div>\n        <\/div>\n    <\/div>\n<\/div>\n\t\t\t\t\t\t\t\t\t\t\t\t\t\t\t\t<div class=\"totalpoll-question-choices-item totalpoll-question-choices-item-results totalpoll-question-choices-item-type-text \" >\n    <div class=\"totalpoll-question-choices-item-container\">\n        \n\t\t        \n        <div class=\"totalpoll-question-choices-item-label\">\n            <span >Haftada bir ka\u00e7 kez<\/span>\n            <div class=\"totalpoll-question-choices-item-votes\">\n                <div class=\"totalpoll-question-choices-item-votes-bar\" style=\"width: 0.00%\"><\/div>\n                <div class=\"totalpoll-question-choices-item-votes-text is-zero\">{{votes}<\/div>\n            <\/div>\n        <\/div>\n    <\/div>\n<\/div>\n\t\t\t\t\t\t\t        <\/div>\n    <\/div>\n<\/div>\n    <\/div>\n\t<div class=\"totalpoll-form-hidden-fields\">\n\t<div class=\"totalpoll-form-page\"><div class=\"totalpoll-form-field-hidden\"><div class=\"totalpoll-form-field totalpoll-form-field-type-hidden totalpoll-column-full\"><div class=\"totalpoll-form-field-wrapper\"><input type=\"hidden\" name=\"totalpoll[screen]\" value=\"results\" class=\"totalpoll-form-field-input\"><div class=\"totalpoll-form-field-errors\"><\/div><\/div><\/div><\/div><div class=\"totalpoll-form-field-hidden\"><div class=\"totalpoll-form-field totalpoll-form-field-type-hidden totalpoll-column-full\"><div class=\"totalpoll-form-field-wrapper\"><input type=\"hidden\" name=\"totalpoll[pollId]\" value=\"492\" class=\"totalpoll-form-field-input\"><div class=\"totalpoll-form-field-errors\"><\/div><\/div><\/div><\/div><div class=\"totalpoll-form-field-hidden\"><div class=\"totalpoll-form-field totalpoll-form-field-type-hidden totalpoll-column-full\"><div class=\"totalpoll-form-field-wrapper\"><input type=\"hidden\" name=\"totalpoll[action]\" value=\"\" class=\"totalpoll-form-field-input\"><div class=\"totalpoll-form-field-errors\"><\/div><\/div><\/div><\/div><\/div><\/div>\n<div class=\"totalpoll-buttons\">\n\t<\/div>\n<\/form><\/div><\/div>\n<\/div>\n<\/div>\n\n\n\n<div class=\"wp-block-columns is-layout-flex wp-container-core-columns-is-layout-9d6595d7 wp-block-columns-is-layout-flex\">\n<div class=\"wp-block-column is-layout-flow wp-block-column-is-layout-flow\"><\/div>\n\n\n\n<div class=\"wp-block-column is-layout-flow wp-block-column-is-layout-flow\"><\/div>\n\n\n\n<div class=\"wp-block-column is-layout-flow wp-block-column-is-layout-flow\"><\/div>\n<\/div>\n","protected":false},"excerpt":{"rendered":"","protected":false},"author":1,"featured_media":0,"parent":0,"menu_order":0,"comment_status":"closed","ping_status":"closed","template":"","meta":{"footnotes":""},"class_list":["post-481","page","type-page","status-publish","hentry"],"_links":{"self":[{"href":"https:\/\/www.hemenanket.com\/index.php\/wp-json\/wp\/v2\/pages\/481","targetHints":{"allow":["GET"]}}],"collection":[{"href":"https:\/\/www.hemenanket.com\/index.php\/wp-json\/wp\/v2\/pages"}],"about":[{"href":"https:\/\/www.hemenanket.com\/index.php\/wp-json\/wp\/v2\/types\/page"}],"author":[{"embeddable":true,"href":"https:\/\/www.hemenanket.com\/index.php\/wp-json\/wp\/v2\/users\/1"}],"replies":[{"embeddable":true,"href":"https:\/\/www.hemenanket.com\/index.php\/wp-json\/wp\/v2\/comments?post=481"}],"version-history":[{"count":2,"href":"https:\/\/www.hemenanket.com\/index.php\/wp-json\/wp\/v2\/pages\/481\/revisions"}],"predecessor-version":[{"id":496,"href":"https:\/\/www.hemenanket.com\/index.php\/wp-json\/wp\/v2\/pages\/481\/revisions\/496"}],"wp:attachment":[{"href":"https:\/\/www.hemenanket.com\/index.php\/wp-json\/wp\/v2\/media?parent=481"}],"curies":[{"name":"wp","href":"https:\/\/api.w.org\/{rel}","templated":true}]}}