{"id":217,"date":"2025-11-25T21:07:39","date_gmt":"2025-11-25T18:07:39","guid":{"rendered":"https:\/\/www.hemenanket.com\/?page_id=217"},"modified":"2025-11-27T21:31:24","modified_gmt":"2025-11-27T18:31:24","slug":"teknoloji","status":"publish","type":"page","link":"https:\/\/www.hemenanket.com\/index.php\/teknoloji\/","title":{"rendered":"Teknoloji Anketleri"},"content":{"rendered":"\n<blockquote class=\"wp-block-quote is-layout-flow wp-block-quote-is-layout-flow\">\n<p>Teknoloji g\u00fcndemini belirleyen anketlere kat\u0131l\u0131n! En yeni cihazlar, yapay zeka ve dijital trendler hakk\u0131nda fikrinizi payla\u015f\u0131n, sonu\u00e7lar\u0131 an\u0131nda g\u00f6r\u00fcn.<\/p>\n<\/blockquote>\n\n\n\n<div style=\"height:60px\" aria-hidden=\"true\" class=\"wp-block-spacer\"><\/div>\n\n\n\n<div class=\"wp-block-columns is-layout-flex wp-container-core-columns-is-layout-9d6595d7 wp-block-columns-is-layout-flex\">\n<div class=\"wp-block-column is-layout-flow wp-block-column-is-layout-flow\"><div id=\"totalpoll\" class=\"totalpoll-wrapper totalpoll-uid-2e21fe0b6d537996d47c3d4b16d0e3cc is-ltr is-screen-results\" totalpoll=\"159\" totalpoll-uid=\"2e21fe0b6d537996d47c3d4b16d0e3cc\" totalpoll-screen=\"results\" totalpoll-ajax-url=\"https:\/\/www.hemenanket.com\/wp-admin\/admin-ajax.php?action=totalpoll&#038;totalpoll%5BpollId%5D=159&#038;totalpoll%5Baction%5D=view&#038;totalpoll%5Bscreen%5D=results\"><script type=\"text\/totalpoll-config\" totalpoll-config=\"159\">{\"ajaxEndpoint\":\"https:\\\/\\\/www.hemenanket.com\\\/wp-admin\\\/admin-ajax.php?action=totalpoll\",\"behaviours\":{\"ajax\":true,\"scrollUp\":true,\"async\":true},\"effects\":{\"transition\":\"fade\",\"duration\":\"500\"},\"i18n\":{\"Previous\":\"\\u00d6nceki\",\"Next\":\"Sonraki\",\"of\":\"of\",\"Something went wrong! Please try again.\":\"Something went wrong! Please try again.\"}}<\/script><link rel=\"stylesheet\" id=\"totalpoll-poll-2e21fe0b6d537996d47c3d4b16d0e3cc-css\"  href=\"https:\/\/www.hemenanket.com\/wp-content\/cache\/totalpoll\/css\/2e21fe0b6d537996d47c3d4b16d0e3cc.css\" type=\"text\/css\" media=\"all\" \/><div id=\"totalpoll-poll-159\" class=\"totalpoll-container\"><form action=\"\" enctype=\"multipart\/form-data\" class=\"totalpoll-form\" method=\"POST\" novalidate=\"novalidate\">    <div class=\"totalpoll-message totalpoll-message-error\">Misafir oldu\u011funuz i\u00e7in oy veremezsiniz, l\u00fctfen <a href=\"https:\/\/www.hemenanket.com\/wp-login.php?redirect_to=https%3A%2F%2Fwww.hemenanket.com%2Findex.php%2Fwp-json%2Fwp%2Fv2%2Fpages%2F217\">oturum a\u00e7\u0131n<\/a> veya <a href=\"https:\/\/www.hemenanket.com\/wp-login.php?action=register\">kaydolun<\/a>.<\/div>\n<div style=\"visibility: hidden; position: absolute; width: 0px; height: 0px;\">\n    <svg id=\"totalpoll-check-icon\" xmlns=\"http:\/\/www.w3.org\/2000\/svg\" width=\"24\" height=\"24\" viewBox=\"0 0 24 24\">\n        <path d=\"M0,0H24V24H0Z\" fill=\"none\"\/>\n        <path d=\"M9,15.1999l-4.2-4.2L2.3999,13.4,9,20.0001,22.0001,7,19.6,4.5999Z\"\/>\n    <\/svg>\n<\/div>\n    <div class=\"totalpoll-questions\">\n\t\t<div class=\"totalpoll-question\" >\n    <div class=\"totalpoll-question-container\">\n        <div class=\"totalpoll-question-content\" >\n\t\t\t<p>Cep telefonunuzun t\u00fcr\u00fc nedir?<\/p>\n        <\/div>\n\n        <div class=\"totalpoll-question-choices\">\n\t\t\t\t\t\t\t\t\t\t\t\t<div class=\"totalpoll-question-choices-item totalpoll-question-choices-item-results totalpoll-question-choices-item-type-text \" >\n    <div class=\"totalpoll-question-choices-item-container\">\n        \n\t\t        \n        <div class=\"totalpoll-question-choices-item-label\">\n            <span >iPhone<\/span>\n            <div class=\"totalpoll-question-choices-item-votes\">\n                <div class=\"totalpoll-question-choices-item-votes-bar\" style=\"width: 100.00%\"><\/div>\n                <div class=\"totalpoll-question-choices-item-votes-text \">2<\/div>\n            <\/div>\n        <\/div>\n    <\/div>\n<\/div>\n\t\t\t\t\t\t\t\t\t\t\t\t\t\t\t\t<div class=\"totalpoll-question-choices-item totalpoll-question-choices-item-results totalpoll-question-choices-item-type-text \" >\n    <div class=\"totalpoll-question-choices-item-container\">\n        \n\t\t        \n        <div class=\"totalpoll-question-choices-item-label\">\n            <span >Android<\/span>\n            <div class=\"totalpoll-question-choices-item-votes\">\n                <div class=\"totalpoll-question-choices-item-votes-bar\" style=\"width: 0.00%\"><\/div>\n                <div class=\"totalpoll-question-choices-item-votes-text is-zero\">0<\/div>\n            <\/div>\n        <\/div>\n    <\/div>\n<\/div>\n\t\t\t\t\t\t\t        <\/div>\n    <\/div>\n<\/div>\n    <\/div>\n\t<div class=\"totalpoll-form-hidden-fields\">\n\t<div class=\"totalpoll-form-page\"><div class=\"totalpoll-form-field-hidden\"><div class=\"totalpoll-form-field totalpoll-form-field-type-hidden totalpoll-column-full\"><div class=\"totalpoll-form-field-wrapper\"><input type=\"hidden\" name=\"totalpoll[screen]\" value=\"results\" class=\"totalpoll-form-field-input\"><div class=\"totalpoll-form-field-errors\"><\/div><\/div><\/div><\/div><div class=\"totalpoll-form-field-hidden\"><div class=\"totalpoll-form-field totalpoll-form-field-type-hidden totalpoll-column-full\"><div class=\"totalpoll-form-field-wrapper\"><input type=\"hidden\" name=\"totalpoll[pollId]\" value=\"159\" class=\"totalpoll-form-field-input\"><div class=\"totalpoll-form-field-errors\"><\/div><\/div><\/div><\/div><div class=\"totalpoll-form-field-hidden\"><div class=\"totalpoll-form-field totalpoll-form-field-type-hidden totalpoll-column-full\"><div class=\"totalpoll-form-field-wrapper\"><input type=\"hidden\" name=\"totalpoll[action]\" value=\"\" class=\"totalpoll-form-field-input\"><div class=\"totalpoll-form-field-errors\"><\/div><\/div><\/div><\/div><\/div><\/div>\n<div class=\"totalpoll-buttons\">\n\t<\/div>\n<\/form><\/div><\/div>\n<\/div>\n\n\n\n<div class=\"wp-block-column is-layout-flow wp-block-column-is-layout-flow\"><div id=\"totalpoll\" class=\"totalpoll-wrapper totalpoll-uid-2e21fe0b6d537996d47c3d4b16d0e3cc is-ltr is-screen-vote\" totalpoll=\"167\" totalpoll-uid=\"2e21fe0b6d537996d47c3d4b16d0e3cc\" totalpoll-screen=\"vote\" totalpoll-ajax-url=\"https:\/\/www.hemenanket.com\/wp-admin\/admin-ajax.php?action=totalpoll&#038;totalpoll%5BpollId%5D=167&#038;totalpoll%5Baction%5D=view&#038;totalpoll%5Bscreen%5D=vote\"><script type=\"text\/totalpoll-config\" totalpoll-config=\"167\">{\"ajaxEndpoint\":\"https:\\\/\\\/www.hemenanket.com\\\/wp-admin\\\/admin-ajax.php?action=totalpoll\",\"behaviours\":{\"ajax\":true,\"scrollUp\":true,\"async\":true},\"effects\":{\"transition\":\"fade\",\"duration\":\"500\"},\"i18n\":{\"Previous\":\"\\u00d6nceki\",\"Next\":\"Sonraki\",\"of\":\"of\",\"Something went wrong! Please try again.\":\"Something went wrong! Please try again.\"}}<\/script><link rel=\"stylesheet\" id=\"totalpoll-poll-2e21fe0b6d537996d47c3d4b16d0e3cc-css\"  href=\"https:\/\/www.hemenanket.com\/wp-content\/cache\/totalpoll\/css\/2e21fe0b6d537996d47c3d4b16d0e3cc.css\" type=\"text\/css\" media=\"all\" \/><div id=\"totalpoll-poll-167\" class=\"totalpoll-container\"><form action=\"\" enctype=\"multipart\/form-data\" class=\"totalpoll-form\" method=\"POST\" novalidate=\"novalidate\"><div style=\"visibility: hidden; position: absolute; width: 0px; height: 0px;\">\n    <svg id=\"totalpoll-check-icon\" xmlns=\"http:\/\/www.w3.org\/2000\/svg\" width=\"24\" height=\"24\" viewBox=\"0 0 24 24\">\n        <path d=\"M0,0H24V24H0Z\" fill=\"none\"\/>\n        <path d=\"M9,15.1999l-4.2-4.2L2.3999,13.4,9,20.0001,22.0001,7,19.6,4.5999Z\"\/>\n    <\/svg>\n<\/div>\n    <div class=\"totalpoll-questions\">\n\t\t<div class=\"totalpoll-question\"\n     totalpoll-min-selection=\"1\"\n     totalpoll-max-selection=\"3\" >\n    <div class=\"totalpoll-question-container\">\n        <div class=\"totalpoll-question-content\" >\n\t\t\t<p>Hangi sosyal medya platformlar\u0131nda aktif hesab\u0131n\u0131z var? Max 3 tane se\u00e7iniz.<\/p>\n        <\/div>\n\n        <div class=\"totalpoll-question-choices\">\n\t\t\t\t\t\t\t\t\t\t\t\t<label for=\"choice-523486c9-dcfa-498f-b40d-467fefc3e1ea-selector\"\n       tabindex=\"0\"\n       aria-label=\"Vote for: X\"\n       class=\"totalpoll-question-choices-item totalpoll-question-choices-item-type-text \" >\n    <div class=\"totalpoll-question-choices-item-container\">\n        \n\t\t        \n        <div class=\"totalpoll-question-choices-item-control\">\n            <div class=\"totalpoll-question-choices-item-selector totalpoll-question-choices-item-selector-multiple\">\n\t\t\t\t<input type=\"checkbox\" id=\"choice-523486c9-dcfa-498f-b40d-467fefc3e1ea-selector\" name=\"totalpoll[choices][24b1b02e-1e75-4bcd-9b58-7d25d65c429a][]\" value=\"523486c9-dcfa-498f-b40d-467fefc3e1ea\">                <div class=\"totalpoll-question-choices-item-selector-box\">\n                    <svg xmlns=\"http:\/\/www.w3.org\/2000\/svg\" width=\"24\" height=\"24\" viewBox=\"0 0 24 24\">\n                        <use xmlns:xlink=\"http:\/\/www.w3.org\/1999\/xlink\" xlink:href=\"#totalpoll-check-icon\"><\/use>\n                    <\/svg>\n                <\/div>\n            <\/div>\n            <div class=\"totalpoll-question-choices-item-label\" role=\"button\">\n                <span >X<\/span>\n            <\/div>\n        <\/div>\n    <\/div>\n<\/label>\n\t\t\t\t\t\t\t\t\t\t\t\t\t\t\t\t<label for=\"choice-e8454d6d-ba71-4a6b-aa37-801b00588f92-selector\"\n       tabindex=\"0\"\n       aria-label=\"Vote for: Next\"\n       class=\"totalpoll-question-choices-item totalpoll-question-choices-item-type-text \" >\n    <div class=\"totalpoll-question-choices-item-container\">\n        \n\t\t        \n        <div class=\"totalpoll-question-choices-item-control\">\n            <div class=\"totalpoll-question-choices-item-selector totalpoll-question-choices-item-selector-multiple\">\n\t\t\t\t<input type=\"checkbox\" id=\"choice-e8454d6d-ba71-4a6b-aa37-801b00588f92-selector\" name=\"totalpoll[choices][24b1b02e-1e75-4bcd-9b58-7d25d65c429a][]\" value=\"e8454d6d-ba71-4a6b-aa37-801b00588f92\">                <div class=\"totalpoll-question-choices-item-selector-box\">\n                    <svg xmlns=\"http:\/\/www.w3.org\/2000\/svg\" width=\"24\" height=\"24\" viewBox=\"0 0 24 24\">\n                        <use xmlns:xlink=\"http:\/\/www.w3.org\/1999\/xlink\" xlink:href=\"#totalpoll-check-icon\"><\/use>\n                    <\/svg>\n                <\/div>\n            <\/div>\n            <div class=\"totalpoll-question-choices-item-label\" role=\"button\">\n                <span >Next<\/span>\n            <\/div>\n        <\/div>\n    <\/div>\n<\/label>\n\t\t\t\t\t\t\t\t\t\t\t\t\t\t\t\t<label for=\"choice-60229e18-b8ac-4093-89ac-cf8a442a0a1c-selector\"\n       tabindex=\"0\"\n       aria-label=\"Vote for: Linkedin\"\n       class=\"totalpoll-question-choices-item totalpoll-question-choices-item-type-text \" >\n    <div class=\"totalpoll-question-choices-item-container\">\n        \n\t\t        \n        <div class=\"totalpoll-question-choices-item-control\">\n            <div class=\"totalpoll-question-choices-item-selector totalpoll-question-choices-item-selector-multiple\">\n\t\t\t\t<input type=\"checkbox\" id=\"choice-60229e18-b8ac-4093-89ac-cf8a442a0a1c-selector\" name=\"totalpoll[choices][24b1b02e-1e75-4bcd-9b58-7d25d65c429a][]\" value=\"60229e18-b8ac-4093-89ac-cf8a442a0a1c\">                <div class=\"totalpoll-question-choices-item-selector-box\">\n                    <svg xmlns=\"http:\/\/www.w3.org\/2000\/svg\" width=\"24\" height=\"24\" viewBox=\"0 0 24 24\">\n                        <use xmlns:xlink=\"http:\/\/www.w3.org\/1999\/xlink\" xlink:href=\"#totalpoll-check-icon\"><\/use>\n                    <\/svg>\n                <\/div>\n            <\/div>\n            <div class=\"totalpoll-question-choices-item-label\" role=\"button\">\n                <span >Linkedin<\/span>\n            <\/div>\n        <\/div>\n    <\/div>\n<\/label>\n\t\t\t\t\t\t\t\t\t\t\t\t\t\t\t\t<label for=\"choice-7aabf58e-9154-42ae-818a-eec5a924f98f-selector\"\n       tabindex=\"0\"\n       aria-label=\"Vote for: Instagram\"\n       class=\"totalpoll-question-choices-item totalpoll-question-choices-item-type-text \" >\n    <div class=\"totalpoll-question-choices-item-container\">\n        \n\t\t        \n        <div class=\"totalpoll-question-choices-item-control\">\n            <div class=\"totalpoll-question-choices-item-selector totalpoll-question-choices-item-selector-multiple\">\n\t\t\t\t<input type=\"checkbox\" id=\"choice-7aabf58e-9154-42ae-818a-eec5a924f98f-selector\" name=\"totalpoll[choices][24b1b02e-1e75-4bcd-9b58-7d25d65c429a][]\" value=\"7aabf58e-9154-42ae-818a-eec5a924f98f\">                <div class=\"totalpoll-question-choices-item-selector-box\">\n                    <svg xmlns=\"http:\/\/www.w3.org\/2000\/svg\" width=\"24\" height=\"24\" viewBox=\"0 0 24 24\">\n                        <use xmlns:xlink=\"http:\/\/www.w3.org\/1999\/xlink\" xlink:href=\"#totalpoll-check-icon\"><\/use>\n                    <\/svg>\n                <\/div>\n            <\/div>\n            <div class=\"totalpoll-question-choices-item-label\" role=\"button\">\n                <span >Instagram<\/span>\n            <\/div>\n        <\/div>\n    <\/div>\n<\/label>\n\t\t\t\t\t\t\t            \n\t\t\t            \n        <\/div>\n    <\/div>\n<\/div>\n    <\/div>\n<div class=\"totalpoll-form-hidden-fields\">\n\t<div class=\"totalpoll-form-page\"><div class=\"totalpoll-form-field-hidden\"><div class=\"totalpoll-form-field totalpoll-form-field-type-hidden totalpoll-column-full\"><div class=\"totalpoll-form-field-wrapper\"><input type=\"hidden\" name=\"totalpoll[screen]\" value=\"vote\" class=\"totalpoll-form-field-input\"><div class=\"totalpoll-form-field-errors\"><\/div><\/div><\/div><\/div><div class=\"totalpoll-form-field-hidden\"><div class=\"totalpoll-form-field totalpoll-form-field-type-hidden totalpoll-column-full\"><div class=\"totalpoll-form-field-wrapper\"><input type=\"hidden\" name=\"totalpoll[pollId]\" value=\"167\" class=\"totalpoll-form-field-input\"><div class=\"totalpoll-form-field-errors\"><\/div><\/div><\/div><\/div><div class=\"totalpoll-form-field-hidden\"><div class=\"totalpoll-form-field totalpoll-form-field-type-hidden totalpoll-column-full\"><div class=\"totalpoll-form-field-wrapper\"><input type=\"hidden\" name=\"totalpoll[action]\" value=\"\" class=\"totalpoll-form-field-input\"><div class=\"totalpoll-form-field-errors\"><\/div><\/div><\/div><\/div><\/div><\/div>\n<div class=\"totalpoll-buttons\">\n\t<button type=\"submit\" name=\"totalpoll[action]\" value=\"vote\" class=\"totalpoll-button totalpoll-button-primary totalpoll-buttons-vote\">Oyla<\/button><\/div>\n<\/form><\/div><\/div>\n<\/div>\n\n\n\n<div class=\"wp-block-column is-layout-flow wp-block-column-is-layout-flow\"><div id=\"totalpoll\" class=\"totalpoll-wrapper totalpoll-uid-2e21fe0b6d537996d47c3d4b16d0e3cc is-ltr is-screen-vote\" totalpoll=\"289\" totalpoll-uid=\"2e21fe0b6d537996d47c3d4b16d0e3cc\" totalpoll-screen=\"vote\" totalpoll-ajax-url=\"https:\/\/www.hemenanket.com\/wp-admin\/admin-ajax.php?action=totalpoll&#038;totalpoll%5BpollId%5D=289&#038;totalpoll%5Baction%5D=view&#038;totalpoll%5Bscreen%5D=vote\"><script type=\"text\/totalpoll-config\" totalpoll-config=\"289\">{\"ajaxEndpoint\":\"https:\\\/\\\/www.hemenanket.com\\\/wp-admin\\\/admin-ajax.php?action=totalpoll\",\"behaviours\":{\"ajax\":true,\"scrollUp\":true,\"async\":true},\"effects\":{\"transition\":\"fade\",\"duration\":\"500\"},\"i18n\":{\"Previous\":\"\\u00d6nceki\",\"Next\":\"Sonraki\",\"of\":\"of\",\"Something went wrong! Please try again.\":\"Something went wrong! Please try again.\"}}<\/script><link rel=\"stylesheet\" id=\"totalpoll-poll-2e21fe0b6d537996d47c3d4b16d0e3cc-css\"  href=\"https:\/\/www.hemenanket.com\/wp-content\/cache\/totalpoll\/css\/2e21fe0b6d537996d47c3d4b16d0e3cc.css\" type=\"text\/css\" media=\"all\" \/><div id=\"totalpoll-poll-289\" class=\"totalpoll-container\"><form action=\"\" enctype=\"multipart\/form-data\" class=\"totalpoll-form\" method=\"POST\" novalidate=\"novalidate\"><div style=\"visibility: hidden; position: absolute; width: 0px; height: 0px;\">\n    <svg id=\"totalpoll-check-icon\" xmlns=\"http:\/\/www.w3.org\/2000\/svg\" width=\"24\" height=\"24\" viewBox=\"0 0 24 24\">\n        <path d=\"M0,0H24V24H0Z\" fill=\"none\"\/>\n        <path d=\"M9,15.1999l-4.2-4.2L2.3999,13.4,9,20.0001,22.0001,7,19.6,4.5999Z\"\/>\n    <\/svg>\n<\/div>\n    <div class=\"totalpoll-questions\">\n\t\t<div class=\"totalpoll-question\"\n     totalpoll-min-selection=\"1\"\n     totalpoll-max-selection=\"1\" >\n    <div class=\"totalpoll-question-container\">\n        <div class=\"totalpoll-question-content\" >\n\t\t\t<p>\u015eu anda kulland\u0131\u011f\u0131n\u0131z cep telefonunuzu ne zaman ald\u0131n\u0131z?<\/p>\n        <\/div>\n\n        <div class=\"totalpoll-question-choices\">\n\t\t\t\t\t\t\t\t\t\t\t\t<label for=\"choice-e0dc9bd1-2579-47f4-9a60-c6bd1c2c42aa-selector\"\n       tabindex=\"0\"\n       aria-label=\"Vote for: 0-6 ay \u00f6nce\"\n       class=\"totalpoll-question-choices-item totalpoll-question-choices-item-type-text \" >\n    <div class=\"totalpoll-question-choices-item-container\">\n        \n\t\t        \n        <div class=\"totalpoll-question-choices-item-control\">\n            <div class=\"totalpoll-question-choices-item-selector totalpoll-question-choices-item-selector-single\">\n\t\t\t\t<input type=\"radio\" id=\"choice-e0dc9bd1-2579-47f4-9a60-c6bd1c2c42aa-selector\" name=\"totalpoll[choices][d700fa9d-3032-46ee-b80d-b0296224cd62][]\" value=\"e0dc9bd1-2579-47f4-9a60-c6bd1c2c42aa\">                <div class=\"totalpoll-question-choices-item-selector-box\">\n                    <svg xmlns=\"http:\/\/www.w3.org\/2000\/svg\" width=\"24\" height=\"24\" viewBox=\"0 0 24 24\">\n                        <use xmlns:xlink=\"http:\/\/www.w3.org\/1999\/xlink\" xlink:href=\"#totalpoll-check-icon\"><\/use>\n                    <\/svg>\n                <\/div>\n            <\/div>\n            <div class=\"totalpoll-question-choices-item-label\" role=\"button\">\n                <span >0-6 ay \u00f6nce<\/span>\n            <\/div>\n        <\/div>\n    <\/div>\n<\/label>\n\t\t\t\t\t\t\t\t\t\t\t\t\t\t\t\t<label for=\"choice-a0f84bc6-2c3b-4b5d-ba52-5d559ce462e9-selector\"\n       tabindex=\"0\"\n       aria-label=\"Vote for: Bir ka\u00e7 ay \u00f6nce\"\n       class=\"totalpoll-question-choices-item totalpoll-question-choices-item-type-text \" >\n    <div class=\"totalpoll-question-choices-item-container\">\n        \n\t\t        \n        <div class=\"totalpoll-question-choices-item-control\">\n            <div class=\"totalpoll-question-choices-item-selector totalpoll-question-choices-item-selector-single\">\n\t\t\t\t<input type=\"radio\" id=\"choice-a0f84bc6-2c3b-4b5d-ba52-5d559ce462e9-selector\" name=\"totalpoll[choices][d700fa9d-3032-46ee-b80d-b0296224cd62][]\" value=\"a0f84bc6-2c3b-4b5d-ba52-5d559ce462e9\">                <div class=\"totalpoll-question-choices-item-selector-box\">\n                    <svg xmlns=\"http:\/\/www.w3.org\/2000\/svg\" width=\"24\" height=\"24\" viewBox=\"0 0 24 24\">\n                        <use xmlns:xlink=\"http:\/\/www.w3.org\/1999\/xlink\" xlink:href=\"#totalpoll-check-icon\"><\/use>\n                    <\/svg>\n                <\/div>\n            <\/div>\n            <div class=\"totalpoll-question-choices-item-label\" role=\"button\">\n                <span >Bir ka\u00e7 ay \u00f6nce<\/span>\n            <\/div>\n        <\/div>\n    <\/div>\n<\/label>\n\t\t\t\t\t\t\t\t\t\t\t\t\t\t\t\t<label for=\"choice-2de714ca-1384-4e46-a832-0b3795e8289d-selector\"\n       tabindex=\"0\"\n       aria-label=\"Vote for: 1 y\u0131l \u00f6nce\"\n       class=\"totalpoll-question-choices-item totalpoll-question-choices-item-type-text \" >\n    <div class=\"totalpoll-question-choices-item-container\">\n        \n\t\t        \n        <div class=\"totalpoll-question-choices-item-control\">\n            <div class=\"totalpoll-question-choices-item-selector totalpoll-question-choices-item-selector-single\">\n\t\t\t\t<input type=\"radio\" id=\"choice-2de714ca-1384-4e46-a832-0b3795e8289d-selector\" name=\"totalpoll[choices][d700fa9d-3032-46ee-b80d-b0296224cd62][]\" value=\"2de714ca-1384-4e46-a832-0b3795e8289d\">                <div class=\"totalpoll-question-choices-item-selector-box\">\n                    <svg xmlns=\"http:\/\/www.w3.org\/2000\/svg\" width=\"24\" height=\"24\" viewBox=\"0 0 24 24\">\n                        <use xmlns:xlink=\"http:\/\/www.w3.org\/1999\/xlink\" xlink:href=\"#totalpoll-check-icon\"><\/use>\n                    <\/svg>\n                <\/div>\n            <\/div>\n            <div class=\"totalpoll-question-choices-item-label\" role=\"button\">\n                <span >1 y\u0131l \u00f6nce<\/span>\n            <\/div>\n        <\/div>\n    <\/div>\n<\/label>\n\t\t\t\t\t\t\t\t\t\t\t\t\t\t\t\t<label for=\"choice-e1c672e0-3082-4d3c-9965-ee2a58dd5d94-selector\"\n       tabindex=\"0\"\n       aria-label=\"Vote for: 1-2 y\u0131l \u00f6nce\"\n       class=\"totalpoll-question-choices-item totalpoll-question-choices-item-type-text \" >\n    <div class=\"totalpoll-question-choices-item-container\">\n        \n\t\t        \n        <div class=\"totalpoll-question-choices-item-control\">\n            <div class=\"totalpoll-question-choices-item-selector totalpoll-question-choices-item-selector-single\">\n\t\t\t\t<input type=\"radio\" id=\"choice-e1c672e0-3082-4d3c-9965-ee2a58dd5d94-selector\" name=\"totalpoll[choices][d700fa9d-3032-46ee-b80d-b0296224cd62][]\" value=\"e1c672e0-3082-4d3c-9965-ee2a58dd5d94\">                <div class=\"totalpoll-question-choices-item-selector-box\">\n                    <svg xmlns=\"http:\/\/www.w3.org\/2000\/svg\" width=\"24\" height=\"24\" viewBox=\"0 0 24 24\">\n                        <use xmlns:xlink=\"http:\/\/www.w3.org\/1999\/xlink\" xlink:href=\"#totalpoll-check-icon\"><\/use>\n                    <\/svg>\n                <\/div>\n            <\/div>\n            <div class=\"totalpoll-question-choices-item-label\" role=\"button\">\n                <span >1-2 y\u0131l \u00f6nce<\/span>\n            <\/div>\n        <\/div>\n    <\/div>\n<\/label>\n\t\t\t\t\t\t\t\t\t\t\t\t\t\t\t\t<label for=\"choice-894b0583-b8e9-47c9-9107-88b468137826-selector\"\n       tabindex=\"0\"\n       aria-label=\"Vote for: 2 y\u0131ldan fazla oldu\"\n       class=\"totalpoll-question-choices-item totalpoll-question-choices-item-type-text \" >\n    <div class=\"totalpoll-question-choices-item-container\">\n        \n\t\t        \n        <div class=\"totalpoll-question-choices-item-control\">\n            <div class=\"totalpoll-question-choices-item-selector totalpoll-question-choices-item-selector-single\">\n\t\t\t\t<input type=\"radio\" id=\"choice-894b0583-b8e9-47c9-9107-88b468137826-selector\" name=\"totalpoll[choices][d700fa9d-3032-46ee-b80d-b0296224cd62][]\" value=\"894b0583-b8e9-47c9-9107-88b468137826\">                <div class=\"totalpoll-question-choices-item-selector-box\">\n                    <svg xmlns=\"http:\/\/www.w3.org\/2000\/svg\" width=\"24\" height=\"24\" viewBox=\"0 0 24 24\">\n                        <use xmlns:xlink=\"http:\/\/www.w3.org\/1999\/xlink\" xlink:href=\"#totalpoll-check-icon\"><\/use>\n                    <\/svg>\n                <\/div>\n            <\/div>\n            <div class=\"totalpoll-question-choices-item-label\" role=\"button\">\n                <span >2 y\u0131ldan fazla oldu<\/span>\n            <\/div>\n        <\/div>\n    <\/div>\n<\/label>\n\t\t\t\t\t\t\t            \n\t\t\t            \n        <\/div>\n    <\/div>\n<\/div>\n    <\/div>\n<div class=\"totalpoll-form-hidden-fields\">\n\t<div class=\"totalpoll-form-page\"><div class=\"totalpoll-form-field-hidden\"><div class=\"totalpoll-form-field totalpoll-form-field-type-hidden totalpoll-column-full\"><div class=\"totalpoll-form-field-wrapper\"><input type=\"hidden\" name=\"totalpoll[screen]\" value=\"vote\" class=\"totalpoll-form-field-input\"><div class=\"totalpoll-form-field-errors\"><\/div><\/div><\/div><\/div><div class=\"totalpoll-form-field-hidden\"><div class=\"totalpoll-form-field totalpoll-form-field-type-hidden totalpoll-column-full\"><div class=\"totalpoll-form-field-wrapper\"><input type=\"hidden\" name=\"totalpoll[pollId]\" value=\"289\" class=\"totalpoll-form-field-input\"><div class=\"totalpoll-form-field-errors\"><\/div><\/div><\/div><\/div><div class=\"totalpoll-form-field-hidden\"><div class=\"totalpoll-form-field totalpoll-form-field-type-hidden totalpoll-column-full\"><div class=\"totalpoll-form-field-wrapper\"><input type=\"hidden\" name=\"totalpoll[action]\" value=\"\" class=\"totalpoll-form-field-input\"><div class=\"totalpoll-form-field-errors\"><\/div><\/div><\/div><\/div><\/div><\/div>\n<div class=\"totalpoll-buttons\">\n\t<button type=\"submit\" name=\"totalpoll[action]\" value=\"vote\" class=\"totalpoll-button totalpoll-button-primary totalpoll-buttons-vote\">Oyla<\/button><\/div>\n<\/form><\/div><\/div>\n<\/div>\n<\/div>\n","protected":false},"excerpt":{"rendered":"<p>Teknoloji g\u00fcndemini belirleyen anketlere kat\u0131l\u0131n! En yeni cihazlar, yapay zeka ve dijital trendler hakk\u0131nda fikrinizi payla\u015f\u0131n, sonu\u00e7lar\u0131 an\u0131nda g\u00f6r\u00fcn.<\/p>\n","protected":false},"author":1,"featured_media":337,"parent":0,"menu_order":0,"comment_status":"closed","ping_status":"closed","template":"","meta":{"footnotes":""},"class_list":["post-217","page","type-page","status-publish","has-post-thumbnail","hentry"],"_links":{"self":[{"href":"https:\/\/www.hemenanket.com\/index.php\/wp-json\/wp\/v2\/pages\/217","targetHints":{"allow":["GET"]}}],"collection":[{"href":"https:\/\/www.hemenanket.com\/index.php\/wp-json\/wp\/v2\/pages"}],"about":[{"href":"https:\/\/www.hemenanket.com\/index.php\/wp-json\/wp\/v2\/types\/page"}],"author":[{"embeddable":true,"href":"https:\/\/www.hemenanket.com\/index.php\/wp-json\/wp\/v2\/users\/1"}],"replies":[{"embeddable":true,"href":"https:\/\/www.hemenanket.com\/index.php\/wp-json\/wp\/v2\/comments?post=217"}],"version-history":[{"count":5,"href":"https:\/\/www.hemenanket.com\/index.php\/wp-json\/wp\/v2\/pages\/217\/revisions"}],"predecessor-version":[{"id":299,"href":"https:\/\/www.hemenanket.com\/index.php\/wp-json\/wp\/v2\/pages\/217\/revisions\/299"}],"wp:featuredmedia":[{"embeddable":true,"href":"https:\/\/www.hemenanket.com\/index.php\/wp-json\/wp\/v2\/media\/337"}],"wp:attachment":[{"href":"https:\/\/www.hemenanket.com\/index.php\/wp-json\/wp\/v2\/media?parent=217"}],"curies":[{"name":"wp","href":"https:\/\/api.w.org\/{rel}","templated":true}]}}